{"id":109,"date":"2020-03-02T08:30:04","date_gmt":"2020-03-02T08:30:04","guid":{"rendered":"https:\/\/iesrosalia.gal\/regalia\/?page_id=109"},"modified":"2023-03-06T17:43:27","modified_gmt":"2023-03-06T17:43:27","slug":"sobre-nos","status":"publish","type":"page","link":"https:\/\/iesrosalia.gal\/regalia\/sobre-nos\/","title":{"rendered":"Sobre n\u00f3s"},"content":{"rendered":"<h1>QUE \u00c9 REGAL\u00cdA?<\/h1>\n<p><span style=\"font-weight: 400\">A revista escolar Regal\u00eda, do instituto Rosal\u00eda de Castro, publ\u00edcase unha vez \u00f3 ano coincidindo co fin do curso escolar nunha tirada de mil exemplares. P\u00f3dese adquirir esta revista no mes de maio, case sempre coincidindo co D\u00eda das Letras Galegas.<\/span><\/p>\n<p><span style=\"font-weight: 400\">A revista do instituto compostelano, \u00e9 un traballo colectivo que colleitou numerosos reco\u00f1ecementos a nivel galego durante os seus dezaoito n\u00fameros xa editados e que\u00a0 chegou tam\u00e9n a Barcelona onde lles foi concedido o premio \u201cLobo menci\u00f3n especial do xurado 08\u201d.<\/span><\/p>\n<p><span style=\"font-weight: 400\">Este tipo de publicacions e traballos, como a revista Regal\u00eda, son importantes para conseguir a participaci\u00f3n,\u00a0 integraci\u00f3n e o desarrollo sociocultural dos x\u00f3venes.<\/span><\/p>\n<p>&nbsp;<\/p>\n","protected":false},"excerpt":{"rendered":"<p>QUE \u00c9 REGAL\u00cdA? A revista escolar Regal\u00eda, do instituto Rosal\u00eda [&hellip;]<\/p>\n","protected":false},"author":27,"featured_media":144,"parent":0,"menu_order":0,"comment_status":"closed","ping_status":"closed","template":"","meta":{"footnotes":""},"_links":{"self":[{"href":"https:\/\/iesrosalia.gal\/regalia\/wp-json\/wp\/v2\/pages\/109"}],"collection":[{"href":"https:\/\/iesrosalia.gal\/regalia\/wp-json\/wp\/v2\/pages"}],"about":[{"href":"https:\/\/iesrosalia.gal\/regalia\/wp-json\/wp\/v2\/types\/page"}],"author":[{"embeddable":true,"href":"https:\/\/iesrosalia.gal\/regalia\/wp-json\/wp\/v2\/users\/27"}],"replies":[{"embeddable":true,"href":"https:\/\/iesrosalia.gal\/regalia\/wp-json\/wp\/v2\/comments?post=109"}],"version-history":[{"count":3,"href":"https:\/\/iesrosalia.gal\/regalia\/wp-json\/wp\/v2\/pages\/109\/revisions"}],"predecessor-version":[{"id":145,"href":"https:\/\/iesrosalia.gal\/regalia\/wp-json\/wp\/v2\/pages\/109\/revisions\/145"}],"wp:featuredmedia":[{"embeddable":true,"href":"https:\/\/iesrosalia.gal\/regalia\/wp-json\/wp\/v2\/media\/144"}],"wp:attachment":[{"href":"https:\/\/iesrosalia.gal\/regalia\/wp-json\/wp\/v2\/media?parent=109"}],"curies":[{"name":"wp","href":"https:\/\/api.w.org\/{rel}","templated":true}]}}